{"id":677,"date":"2023-07-05T07:47:32","date_gmt":"2023-07-05T05:47:32","guid":{"rendered":"https:\/\/hibiza.com\/politica-de-cookies\/"},"modified":"2024-12-03T11:47:47","modified_gmt":"2024-12-03T10:47:47","slug":"politica-de-cookies","status":"publish","type":"page","link":"https:\/\/hibiza.com\/es\/politica-de-cookies\/","title":{"rendered":"Pol\u00edtica de cookies"},"content":{"rendered":"\t\t<div data-elementor-type=\"wp-page\" data-elementor-id=\"677\" class=\"elementor elementor-677 elementor-328\" data-elementor-settings=\"{&quot;ha_cmc_init_switcher&quot;:&quot;no&quot;}\" data-elementor-post-type=\"page\">\n\t\t\t\t<div class=\"elementor-element elementor-element-474b441 e-con-full e-flex e-con e-parent\" data-id=\"474b441\" data-element_type=\"container\" data-e-type=\"container\" data-settings=\"{&quot;background_background&quot;:&quot;classic&quot;,&quot;_ha_eqh_enable&quot;:false}\">\n\t\t<div class=\"elementor-element elementor-element-48d526a e-con-full e-flex e-con e-child\" data-id=\"48d526a\" data-element_type=\"container\" data-e-type=\"container\" data-settings=\"{&quot;_ha_eqh_enable&quot;:false}\">\n\t\t\t\t<div class=\"elementor-element elementor-element-cfb2d98 premium-header-block premium-lq__none premium-box-lq__none elementor-widget elementor-widget-premium-addon-dual-header\" data-id=\"cfb2d98\" data-element_type=\"widget\" data-e-type=\"widget\" data-widget_type=\"premium-addon-dual-header.default\">\n\t\t\t\t\t\n\t\t<div class=\"elementor-widget-container\">\n\t\t\t\t\t<span class=\"premium-dual-header-first-header \"><span class=\"premium-dual-header-first-span\">Pol\u00edtica de cookies <\/span><\/span> \t\t\t\t<\/div>\n\n\t\t\t\t\t\t<\/div>\n\t\t\t\t<div class=\"elementor-element elementor-element-3da0e99 elementor-widget elementor-widget-heading\" data-id=\"3da0e99\" data-element_type=\"widget\" data-e-type=\"widget\" data-widget_type=\"heading.default\">\n\t\t\t\t<div class=\"elementor-widget-container\">\n\t\t\t\t\t<span class=\"elementor-heading-title elementor-size-default\">VRH<\/span>\t\t\t\t<\/div>\n\t\t\t\t<\/div>\n\t\t\t\t<\/div>\n\t\t\t\t<\/div>\n\t\t<div class=\"elementor-element elementor-element-abdda2a e-flex e-con-boxed e-con e-parent\" data-id=\"abdda2a\" data-element_type=\"container\" data-e-type=\"container\" data-settings=\"{&quot;_ha_eqh_enable&quot;:false}\">\n\t\t\t\t\t<div class=\"e-con-inner\">\n\t\t<div class=\"elementor-element elementor-element-e705a5a e-con-full e-flex e-con e-child\" data-id=\"e705a5a\" data-element_type=\"container\" data-e-type=\"container\" data-settings=\"{&quot;_ha_eqh_enable&quot;:false}\">\n\t\t\t\t<div class=\"elementor-element elementor-element-f9f78b6 elementor-widget elementor-widget-text-editor\" data-id=\"f9f78b6\" data-element_type=\"widget\" data-e-type=\"widget\" data-widget_type=\"text-editor.default\">\n\t\t\t\t<div class=\"elementor-widget-container\">\n\t\t\t\t\t\t\t\t\t<p class=\"p1\"><b>INFORMACI\u00d3N<\/b><b> <\/b><b>SOBRE<\/b><b> <\/b><b>COOKIES<\/b><\/p><p class=\"p2\">Debido a la entrada en vigor de la referente modificaci6n de la \u00abLey de Servicios de la Sociedad de la lnformaci6n\u00bb (LSSlCE) establecida por el Real Decreto 13\/2 12, es de obligaci\u00f3n obtener el consentimiento expreso del usuario de todas las p\u00e1ginas web que usan <span class=\"s6\"><i>cookies<\/i><\/span><i> <\/i>prescindibles, antes de que este navegue por ellas.<\/p><p class=\"p5\"><b>\u00bfQU\u00c9<\/b><b> <\/b><b>SON<\/b><b> <\/b><b>LAS<\/b><b> <\/b><b>COOKIES?<\/b><\/p><p class=\"p6\">Las <span class=\"s6\"><i>cookies <\/i><\/span>y otras tecnolog\u00edas similares tales como local shared objects, flash <span class=\"s6\"><i>cookies <\/i><\/span>o pixeles, son herramientas empleadas por los servidores Web para almacenar y recuperar informaci\u00f3n acerca de sus visitantes, as\u00ed como para ofrecer un correcto funcionamiento del sitio.<\/p><p class=\"p2\">Mediante el uso de estos dispositivos se permite al servidor Web recordar algunos datos concernientes al usuario, como sus preferencias para la visualizaci\u00f3n de las p\u00e1ginas de ese servidor, nombre y contrase\u00f1a, productos que m\u00e1s le interesan, etc.<\/p><p class=\"p10\"><strong><span class=\"s6\">COOKIES<\/span> AFECTADAS POR LA NORMATIVA Y COOKIES EXCEPTUADAS<\/strong><\/p><p class=\"p2\">Seg\u00fan la directiva de la UE, las <span class=\"s6\"><i>cookies <\/i><\/span>que requieren el consentimiento informado por parte del usuario son las <span class=\"s6\"><i>cookies <\/i><\/span>de anal\u00edticas y las de publicidad y afiliaci\u00f3n, quedando exceptuadas las de car\u00e1cter t\u00e9cnico y las necesarias para el funcionamiento del sitio web o la prestaci\u00f3n de servicios expresamente solicitados por el usuario.<\/p><p class=\"p1\"><b>TIPOS<\/b><b> <\/b><b>DE<\/b><b> <\/b><b>COOKIES<\/b><\/p><p class=\"p15\"><b>SEG\u00daN<\/b><b> <\/b><b>LA<\/b><b> <\/b><b>FINALIDAD<\/b><\/p><p class=\"p17\"><span class=\"s6\">Cookies <\/span><b>t\u00e9cnicas y funcionales<\/b>: son aquellas que permiten al usuario la navegaci\u00f3n a trav\u00e9s de una p\u00e1gina web, plataforma o aplicaci\u00f3n y la utilizaci\u00f3n de las diferentes opciones o servicios que en ella existan<span class=\"s6\"><i>.<\/i><\/span><\/p><p class=\"p17\"><span class=\"s6\">Cookies<\/span> <b>anal\u00edticas<\/b>: son aquellas que permiten al responsable de las mismas el seguimiento y an\u00e1lisis del comportamiento de los usuarios de los sitios web a los que estan vinculadas. La informaci\u00f3n recogida mediante este tipo de <span class=\"s6\"><i>cookies <\/i><\/span> se utiliza en la medici\u00f3n de la actividad de los sitios web, aplicaci\u00f3n o plataforma y para la elaboraci\u00f3n de perfiles de navegaci\u00f3n de los usuarios de dichos sitios, aplicaciones y plataformas, con el fin de introducir mejoras en funci\u00f3n del an\u00e1lisis de los datos de uso que hacen los usuarios del servicio.<\/p><p class=\"p18\"><span class=\"s6\">Cookies <\/span><b>publicitarias: <\/b> son aquellas que permiten la gesti\u00f3n, de la forma m\u00e1s eficaz posible, de los espacios publicitarios que, en su caso, el editor haya incluido en una p\u00e1gina web, aplicaci\u00f3n o plataforma desde la que presta el servicio solicitado en base a criterios como el contenido editado o la frecuencia en la que se muestran los anuncios.<\/p><p class=\"p18\"><span class=\"s6\">Cookies <\/span><b>de publicidad comportamental<\/b>: recogen informaci\u00f3n sobre las preferencias y elecciones personales del usuario (<span class=\"s6\"><i>retargeting<\/i><\/span>) para permitir la gesti\u00f3n, de la forma m\u00e1s eficaz posible, de los espacios publicitarios que, en su caso, el editor haya incluido en una p\u00e1gina web, aplicaci\u00f3n o plataforma desde la que presta el servicio solicitado.<\/p><p class=\"p19\"><span class=\"s6\">Cookies<\/span> <b>sociales<\/b>: son establecidas por las plataformas de redes sociales en los servicios para permitirle compartir contenido con sus amigos y redes. Las plataformas de medios sociales tienen la capacidad de rastrear su actividad en l\u00ednea fuera de los Servicios. Esto puede afectar al contenido y los mensajes que ve en otros servicios que visita.<\/p><p class=\"p19\"><span class=\"s6\">Cookies<\/span> <b>de<\/b><b> <\/b><b>afiliados<\/b>: permiten hacer un seguimiento de las visitas procedentes de otras webs, con las que el sitio web establece un contrato de afiliaci\u00f3n (empresas de afiliaci\u00f3n).<\/p><p class=\"p2\"><span class=\"s3\">Cookies<\/span> <b>de<\/b><b> <\/b><b>seguridad<\/b>: almacenan informaci\u00f3n cifrada para evitar que los datos guardados en ellas sean vulnerables a ataques maliciosos de terceros.<\/p><p class=\"p5\"><b>SEG\u00daN<\/b><b> <\/b><b>LA<\/b><b> <\/b><b>PROPIEDAD<\/b><\/p><p class=\"p2\"><span class=\"s3\">Cookies <\/span><b>propias<\/b>: son aquellas que se env\u00edan al equipo terminal del usuario desde un equipo o dominio gestionado por el propio editor y desde el que se presta el servicio solicitado por el usuario.<\/p><p class=\"p2\"><span class=\"s3\">Cookies<\/span> <b>de<\/b><b> <\/b><b>terceros:<\/b><b> <\/b>son aquellas que se env\u00edan al equipo terminal del usuario desde un equipo o dominio que no es gestionado por el editor, sino por otra entidad que trata los datos obtenidos trav\u00e9s de las cookies.<\/p><p class=\"p5\"><b>SEG\u00daN<\/b><b> <\/b><b>EL<\/b><b> <\/b><b>PLAZO<\/b><b> <\/b><b>DE<\/b><b> <\/b><b>CONSERVACI\u00d3N<\/b><\/p><p class=\"p2\"><span class=\"s3\">Cookies<\/span> <b>de<\/b><b> <\/b><b>sesi\u00f3n:<\/b><b> <\/b>son un tipo de <span class=\"s3\"><i>cookies<\/i><\/span><i> <\/i>dise\u00f1adas para recabar y almacenar datos mientras el usuario accede a una pagina web.<\/p><p class=\"p2\"><span class=\"s3\">Cookies <\/span><b>persistentes: <\/b>son un tipo de cookies en el que los datos siguen almacenados en el terminal y pueden ser accedidos y tratados durante un periodo definido por el responsable de la <span class=\"s3\"><i>cookie<\/i><\/span>, y que puede ir de unos minutos a varios a\u00f1os.<\/p><p class=\"p9\"><b>TRATAMIENTO<\/b><b> <\/b><b>DE<\/b><b> <\/b><b>DATOS<\/b><b> <\/b><b>PERSONALES<\/b><\/p><p class=\"p12\"><span class=\"s14\">HERMANOS J L ESPJ<\/span> <span class=\"s14\">es<\/span> <span class=\"s14\">el<\/span> <span class=\"s14\"><b>Responsable<\/b><\/span><b> <\/b><span class=\"s14\"><b>del<\/b><\/span><b> <\/b><span class=\"s14\"><b>tratamiento<\/b><\/span><b> <\/b><span class=\"s14\">de<\/span> <span class=\"s14\">los<\/span> <span class=\"s14\">datos<\/span> <span class=\"s14\">personales<\/span> <span class=\"s14\">del<\/span> <span class=\"s14\"><b>Interesado<\/b><\/span><b> <\/b><span class=\"s14\">y<\/span> <span class=\"s14\">le<\/span> <span class=\"s14\">informa<\/span> <span class=\"s14\">de<\/span> que estos datos ser\u00e1n tratados de conformidad con lo dispuesto en el Reglamento (UE) 2 16\/6 9, de 2 de abril de 2 16 (GDPR), por lo que se le facilita la siguiente informaci\u00f3n del tratamiento:<\/p><p class=\"p14\"><b>Fines<\/b><b> <\/b><b>del<\/b><b> <\/b><b>tratamiento:<\/b><b> <\/b>seg\u00fan se especifica en el apartado de <span class=\"s3\"><i>cookies<\/i><\/span><i> <\/i>que se utilizan en este sitio web.<\/p><p class=\"p16\"><b>Legitimaci\u00f3n<\/b><b> <\/b><b>del<\/b><b> <\/b><b>tratamiento<\/b>: por consentimiento del interesado (art. 6.1 GDPR).<\/p><p class=\"p14\"><b>Criterios<\/b><b> <\/b><b>de<\/b><b> <\/b><b>conservaci\u00f3n<\/b><b> <\/b><b>de<\/b><b> <\/b><b>los<\/b><b> <\/b><b>datos<\/b>: seg\u00fan se especifica en el apartado de <span class=\"s3\"><i>cookies<\/i><\/span><i> <\/i>utilizadas en la web.<\/p><p class=\"p19\"><b>Comunicaci\u00f3n<\/b><b> <\/b><b>de<\/b><b> <\/b><b>los<\/b><b> <\/b><b>datos<\/b>: no se comunicaran los datos a terceros, excepto en cookies propiedad de terceros o por obligaci\u00f3n legal.<\/p><p class=\"p14\"><b>Derechos<\/b><b> <\/b><b>que<\/b><b> <\/b><b>asisten<\/b><b> <\/b><b>al<\/b><b> <\/b><b>Interesado<\/b>:<\/p><ul class=\"ul1\"><li class=\"li21\">Derecho a retirar el consentimiento en cualquier momento.<\/li><li class=\"li21\">Derecho de acceso, rectificaci\u00f3n, portabilidad y supresi\u00f3n de sus datos, y de limitaci\u00f3n u oposici\u00f3n a su tratamiento.<\/li><li class=\"li22\">Derecho a presentar una reclamaci\u00f3n ante la Autoridad de control (www.aepd.es) si considera que el tratamiento no se ajusta a la normativa vigente.<\/li><\/ul><p class=\"p14\"><b>Datos<\/b><b> <\/b><b>de<\/b><b> <\/b><b>contacto<\/b><b> <\/b><b>para<\/b><b> <\/b><b>ejercer<\/b><b> <\/b><b>sus<\/b><b> <\/b><b>derechos:<\/b><\/p><p class=\"p23\"><span class=\"s14\">HERMANOS J L ESPJ<\/span>. Paseo ara de Rey, 3 \u2013 lbiza (llles Balears). E-mail:<span class=\"s13\"><a href=\"mailto:info@hibiza.com\">info@hibiza.com<\/a><\/span><\/p><p class=\"p1\"><b>COOKIES<\/b><b> <\/b><b>UTILIZADAS<\/b><b> <\/b><b>EN<\/b><b> <\/b><b>ESTE<\/b><b> <\/b><b>SITIO<\/b><b> <\/b><b>WEB<\/b><\/p><table class=\"t1\" cellspacing=\"0\" cellpadding=\"0\"><tbody><tr><td class=\"td1\" valign=\"top\"><p class=\"p6\"><b>Propiedad<\/b><\/p><\/td><td class=\"td2\" valign=\"top\"><p class=\"p7\"><b>Cookie<\/b><\/p><\/td><td class=\"td3\" valign=\"top\"><p class=\"p8\"><b>Finalidad<\/b><\/p><\/td><td class=\"td4\" valign=\"top\"><p class=\"p9\"><b>Plaz<\/b><b>o<\/b><\/p><\/td><\/tr><tr><td class=\"td5\" valign=\"top\"><p class=\"p11\">google.com<\/p><\/td><td class=\"td6\" valign=\"top\"><p class=\"p11\"><b> <\/b><b>Secure-3PSIDC<\/b><b> <\/b><b>C<\/b><\/p><\/td><td class=\"td7\" valign=\"top\"><p class=\"p12\">Cookie necesaria para la utilizaci\u00f3n de las opciones y servicios del sitio web<\/p><\/td><td class=\"td8\" valign=\"top\"><p class=\"p12\">en un a\u00f1o<\/p><\/td><\/tr><tr><td class=\"td9\" valign=\"top\"><p class=\"p11\">google.com<\/p><\/td><td class=\"td10\" valign=\"top\"><p class=\"p11\"><b>CONSENT<\/b><\/p><\/td><td class=\"td11\" valign=\"top\"><p class=\"p12\">Rastreador de consentimiento de cookies de Google<\/p><\/td><td class=\"td12\" valign=\"top\"><p class=\"p12\">en 1 a\u00f1os<\/p><\/td><\/tr><tr><td class=\"td13\" valign=\"top\"><p class=\"p11\">jscache.com<\/p><\/td><td class=\"td14\" valign=\"top\"><p class=\"p11\"><b>TADCID<\/b><\/p><\/td><td class=\"td15\" valign=\"top\"><p class=\"p12\">Cookie necesaria para la utilizaci\u00f3n de las opciones y servicios del sitio web<\/p><\/td><td class=\"td16\" valign=\"top\"><p class=\"p12\">en 9 a\u00f1os<\/p><\/td><\/tr><tr><td class=\"td13\" valign=\"top\"><p class=\"p11\">tripadvisor.co.uk<\/p><\/td><td class=\"td14\" valign=\"top\"><p class=\"p11\"><b>TAUnique<\/b><\/p><\/td><td class=\"td15\" valign=\"top\"><p class=\"p12\">Cookie necesaria para la utilizaci\u00f3n de las opciones y servicios del sitio web<\/p><\/td><td class=\"td16\" valign=\"top\"><p class=\"p12\">en un a\u00f1o<\/p><\/td><\/tr><\/tbody><\/table><table class=\"t1\" cellspacing=\"0\" cellpadding=\"0\"><tbody><tr><td class=\"td1\" valign=\"top\"><p class=\"p6\"><b>Propiedad<\/b><\/p><\/td><td class=\"td2\" valign=\"top\"><p class=\"p7\"><b>Cookie<\/b><\/p><\/td><td class=\"td3\" valign=\"top\"><p class=\"p8\"><b>Finalidad<\/b><\/p><\/td><td class=\"td4\" valign=\"top\"><p class=\"p9\"><b>Plaz<\/b><b>o<\/b><\/p><\/td><\/tr><tr><td class=\"td5\" valign=\"top\"><p class=\"p11\">google.com<\/p><\/td><td class=\"td6\" valign=\"top\"><p class=\"p11\"><b> <\/b><b>Secure-3PAPISI<\/b><b> <\/b><b>D<\/b><\/p><\/td><td class=\"td7\" valign=\"top\"><p class=\"p12\">Estas cookies se utilizan para entregar anuncios m\u00e1s relevantes para usted y sus intereses.<\/p><\/td><td class=\"td8\" valign=\"top\"><p class=\"p12\">en 2 a\u00f1os<\/p><\/td><\/tr><tr><td class=\"td13\" valign=\"top\"><p class=\"p11\">google.com<\/p><\/td><td class=\"td14\" valign=\"top\"><p class=\"p11\"><b> <\/b><b>Secure-3PSID<\/b><\/p><\/td><td class=\"td15\" valign=\"top\"><p class=\"p12\">Estas cookies se utilizan para entregar anuncios m\u00e1s relevantes para usted y sus intereses.<\/p><\/td><td class=\"td16\" valign=\"top\"><p class=\"p12\">en 2 a\u00f1os<\/p><\/td><\/tr><\/tbody><\/table><table class=\"t1\" cellspacing=\"0\" cellpadding=\"0\"><tbody><tr><td class=\"td1\" valign=\"top\"><p class=\"p1\"><b>Propiedad<\/b><\/p><\/td><td class=\"td2\" valign=\"top\"><p class=\"p2\"><b>Cookie<\/b><\/p><\/td><td class=\"td3\" valign=\"top\"><p class=\"p3\"><b>Finalidad<\/b><\/p><\/td><td class=\"td4\" valign=\"top\"><p class=\"p4\"><b>Pla<\/b><b> <\/b><b>o<\/b><\/p><\/td><\/tr><tr><td class=\"td5\" valign=\"top\"><p class=\"p7\">google.com<\/p><\/td><td class=\"td6\" valign=\"top\"><p class=\"p7\"><b>IP<\/b><b> <\/b><b>JAR<\/b><\/p><\/td><td class=\"td7\" valign=\"top\"><p class=\"p9\">Estas cookies se establecen a trav\u00e9s de videos de youtube incrustados. Registran los datos estad\u00edsticos an\u00f3nimos sobre, por ejemplo, cu\u00e1ntas veces se reproduce el video y las configuraciones que se utilizan para la reproducci6n.<\/p><\/td><td class=\"td8\" valign=\"top\"><p class=\"p9\">en un mes<\/p><\/td><\/tr><tr><td class=\"td9\" valign=\"top\"><p class=\"p7\">google.com<\/p><\/td><td class=\"td10\" valign=\"top\"><p class=\"p7\"><b>ANID<\/b><\/p><\/td><td class=\"td11\" valign=\"top\"><p class=\"p9\">Google utiliza estos cookies para hacer publicidad m\u00e1s atractiva para los usuarios y m\u00e1s valiosa para los editores y anunciantes<\/p><\/td><td class=\"td12\" valign=\"top\"><p class=\"p9\">en 3 meses<\/p><\/td><\/tr><tr><td class=\"td5\" valign=\"top\"><p class=\"p7\">google.com<\/p><\/td><td class=\"td6\" valign=\"top\"><p class=\"p7\"><b>APISID<\/b><\/p><\/td><td class=\"td7\" valign=\"top\"><p class=\"p9\">Descargar ciertas herramientas de Google y guardar ciertas preferencias, por ejemplo, el n\u00famero de resultados de la b\u00fasqueda por hoja o la activaci\u00f3n del filtro SafeSearch. Ajusta los anuncios que aparecen en la b\u00fasqueda de Google.<\/p><\/td><td class=\"td8\" valign=\"top\"><p class=\"p9\">en 2 a\u00f1os<\/p><\/td><\/tr><tr><td class=\"td5\" valign=\"top\"><p class=\"p7\">google.com<\/p><\/td><td class=\"td6\" valign=\"top\"><p class=\"p7\"><b>HSID<\/b><\/p><\/td><td class=\"td7\" valign=\"top\"><p class=\"p9\">Descargar ciertas herramientas de Google y guardar ciertas preferencias, por ejemplo, el n\u00famero de resultados de la b\u00fasqueda por hoja o la activaci\u00f3n del filtro SafeSearch. Ajusta los anuncios que aparecen en la b\u00fasqueda de Google.<\/p><\/td><td class=\"td8\" valign=\"top\"><p class=\"p9\">en 2 a\u00f1os<\/p><\/td><\/tr><tr><td class=\"td9\" valign=\"top\"><p class=\"p7\">google.com<\/p><\/td><td class=\"td10\" valign=\"top\"><p class=\"p7\"><b>NID<\/b><\/p><\/td><td class=\"td11\" valign=\"top\"><p class=\"p9\">Estas cookies se utilizan para recopilar estad\u00edsticas del sitio web y rastrear las tasas de conversi\u00f3n y la personalizaci\u00f3n de anuncios de Google<\/p><\/td><td class=\"td12\" valign=\"top\"><p class=\"p9\">en meses<\/p><\/td><\/tr><\/tbody><\/table><table class=\"t1\" cellspacing=\"0\" cellpadding=\"0\"><tbody><tr><td class=\"td1\" valign=\"top\"><p class=\"p1\">google.com<\/p><\/td><td class=\"td2\" valign=\"top\"><p class=\"p1\"><b>OTZ<\/b><\/p><\/td><td class=\"td3\" valign=\"top\"><p class=\"p2\">An\u00e1lisis agregado de los visitantes del sitio<\/p><\/td><td class=\"td4\" valign=\"top\"><p class=\"p2\">en 4 d\u00edas<\/p><\/td><\/tr><tr><td class=\"td5\" valign=\"top\"><p class=\"p1\">google.com<\/p><\/td><td class=\"td6\" valign=\"top\"><p class=\"p1\"><b>SAPISID<\/b><\/p><\/td><td class=\"td7\" valign=\"top\"><p class=\"p2\">Descargar ciertas herramientas de Google y guardar ciertas preferencias, por ejemplo, el n\u00famero de resultados de la b\u00fasqueda por hoja o la activaci\u00f3n del filtro SafeSearch. Ajusta los anuncios que aparecen en la b\u00fasqueda de Google.<\/p><\/td><td class=\"td8\" valign=\"top\"><p class=\"p2\">en 2 a\u00f1os<\/p><\/td><\/tr><tr><td class=\"td5\" valign=\"top\"><p class=\"p1\">google.com<\/p><\/td><td class=\"td6\" valign=\"top\"><p class=\"p1\"><b>SID<\/b><\/p><\/td><td class=\"td7\" valign=\"top\"><p class=\"p2\">Descargar ciertas herramientas de Google y guardar ciertas preferencias, por ejemplo, el n\u00famero de resultados de la b\u00fasqueda por hoja o la activaci\u00f3n del filtro SafeSearch. Ajusta los anuncios que aparecen en la b\u00fasqueda de Google.<\/p><\/td><td class=\"td8\" valign=\"top\"><p class=\"p2\">en 2 a\u00f1os<\/p><\/td><\/tr><tr><td class=\"td9\" valign=\"top\"><p class=\"p1\">google.com<\/p><\/td><td class=\"td10\" valign=\"top\"><p class=\"p1\"><b>SIDCC<\/b><\/p><\/td><td class=\"td11\" valign=\"top\"><p class=\"p2\">Descargar ciertas herramientas de Google y guardar ciertas preferencias, por ejemplo, el n\u00famero de resultados de la b\u00fasqueda por hoja o la activaci\u00f3n del filtro SafeSearch. Ajusta los anuncios que aparecen en la b\u00fasqueda de Google.<\/p><\/td><td class=\"td12\" valign=\"top\"><p class=\"p2\">en un a\u00f1o<\/p><\/td><\/tr><tr><td class=\"td13\" valign=\"top\"><p class=\"p1\">google.com<\/p><\/td><td class=\"td14\" valign=\"top\"><p class=\"p1\"><b>SSID<\/b><\/p><\/td><td class=\"td15\" valign=\"top\"><p class=\"p2\">Descarga ciertas herramientas de Google y guarda ciertas preferencias, por ejemplo, el n\u00famero de resultados de b\u00fasqueda por p\u00e1gina o la activaci\u00f3n del filtro SafeSearch. Ajusta los anuncios que aparecen en la B\u00fasqueda de Google.<\/p><\/td><td class=\"td16\" valign=\"top\"><p class=\"p2\">en 2 a\u00f1os<\/p><\/td><\/tr><\/tbody><\/table><p class=\"p9\">Los servicios de terceros son ajenos al control del editor. Los proveedores pueden modificar en todo momento sus condiciones de servicio, finalidad y utilizaci\u00f3n de las cookies, etc.<\/p><p class=\"p10\"><b>Proveedores<\/b><b> <\/b><b>externos<\/b><b> <\/b><b>de<\/b><b> <\/b><b>este<\/b><b> <\/b><b>sitio<\/b><b> <\/b><b>web:<\/b><\/p><table class=\"t1\" cellspacing=\"0\" cellpadding=\"0\"><tbody><tr><td class=\"td1\" valign=\"top\"><p class=\"p4\"><b>Editor<\/b><\/p><\/td><td class=\"td2\" valign=\"top\"><p class=\"p5\"><b>Pol\u00edtica<\/b><b> <\/b><b>de<\/b><b> <\/b><b>privacidad<\/b><\/p><\/td><\/tr><tr><td class=\"td3\" valign=\"top\"><p class=\"p6\">Google<\/p><\/td><td class=\"td4\" valign=\"top\"><p class=\"p7\">https:\/\/privacy.google.com\/take-control.html<\/p><\/td><\/tr><tr><td class=\"td5\" valign=\"top\"><p class=\"p6\">Google<\/p><\/td><td class=\"td6\" valign=\"top\"><p class=\"p7\">https:\/\/safety.google\/privacy\/privacy-controls\/<\/p><\/td><\/tr><\/tbody><\/table><p class=\"p11\">Desde este panel podr\u00e1 configurar las cookies que el sitio web puede instalar en su navegador, excepto las cookies t\u00e9cnicas o funcionales que son necesarias para la navegaci\u00f3n y la utilizaci\u00f3n de las diferentes opciones o servicios que se ofrecen.<\/p><p class=\"p13\"><span class=\"s6\">Panel<\/span> <span class=\"s6\">de<\/span> <span class=\"s6\">cookies<\/span><\/p><table class=\"t1\" cellspacing=\"0\" cellpadding=\"0\"><tbody><tr><td class=\"td7\" colspan=\"2\" valign=\"top\"><p class=\"p17\"><b>C\u00d3MO<\/b><b> <\/b><b>GESTIONAR<\/b><b> <\/b><b>LAS<\/b><b> <\/b><b>COOKIES<\/b><b> <\/b><b>DESDE<\/b><b> <\/b><b>EL<\/b><b> <\/b><b>NAVEGADOR<\/b><\/p><\/td><\/tr><tr><td class=\"td8\" valign=\"top\"><p class=\"p6\"><b>Eliminar<\/b><b> <\/b><b>las<\/b><b> <\/b><b>cookies<\/b><b> <\/b><b>del<\/b><b> <\/b><b>dispositivo<\/b><\/p><\/td><td class=\"td9\" valign=\"top\"><p class=\"p19\">Las cookies que ya est\u00e1n en un dispositivo se pueden eliminar borrando el historial del navegador, con lo que se suprimen las cookies de todos los sitios web visitados.<\/p><p class=\"p6\">Sin embargo, tambi\u00e9n se puede perder parte de la informaci\u00f3n guardada (por ejemplo, los datos de inicio de sesi\u00f3n o las preferencias de sitio web).<\/p><\/td><\/tr><tr><td class=\"td10\" valign=\"top\"><p class=\"p6\"><b>Gestionar<\/b><b> <\/b><b>las<\/b><b> <\/b><b>cookies<\/b><b> <\/b><b>espec\u00edficas<\/b><b> <\/b><b>del<\/b><b> <\/b><b>sitio<\/b><\/p><\/td><td class=\"td11\" valign=\"top\"><p class=\"p6\">Para tener un control m\u00e1s preciso de las cookies espec\u00edficas de cada sitio, los usuarios pueden ajustar su configuraci\u00f3n de privacidad y cookies en el navegador.<\/p><\/td><\/tr><\/tbody><\/table><table class=\"t1\" cellspacing=\"0\" cellpadding=\"0\"><tbody><tr><td class=\"td12\" colspan=\"2\" valign=\"top\"><p class=\"p6\"><b>Bloquear<\/b><b> <\/b><b>las<\/b><b> <\/b><b>cookies<\/b><\/p><\/td><td class=\"td13\" valign=\"top\"><p class=\"p6\">Aunque la mayor\u00eda de los navegadores modernos se pueden configurar para evitar que se instalen cookies en los dispositivos, eso puede obligar al ajuste manual de determinadas preferencias cada vez que se visite un sitio o p\u00e1gina. Adem\u00e1s, algunos servicios y caracter\u00edsticas pueden no funcionar correctamente (por ejemplo, los inicios de sesi\u00f3n con perfil).<\/p><\/td><\/tr><tr><td class=\"td14\" colspan=\"3\" valign=\"top\"><p class=\"p17\"><b>C\u00d3MO<\/b><b> <\/b><b>ELIMINAR<\/b><b> <\/b><b>LAS<\/b><b> <\/b><b>COOKIES<\/b><b> <\/b><b>DE<\/b><b> <\/b><b>LOS<\/b><b> <\/b><b>NAVEGADORES<\/b><b> <\/b><b>M\u00c1S<\/b><b> <\/b><b>COMUNES<\/b><\/p><\/td><\/tr><tr><td class=\"td15\" valign=\"top\"><p class=\"p23\"><b>Chrome<\/b><\/p><\/td><td class=\"td16\" colspan=\"2\" valign=\"top\"><p class=\"p24\"><span class=\"s11\"><a href=\"http:\/\/support.google.com\/chrome\/answer\/9564\" target=\"_blank\" rel=\"noopener\">http:\/\/support.google.com\/chrome\/answer\/9564 <span class=\"s6\">?hl=es<\/span><\/a><\/span><\/p><\/td><\/tr><tr><td class=\"td15\" valign=\"top\"><p class=\"p23\"><b>Internet<\/b><b> <\/b><b>Explorer.<\/b><b> <\/b><b>Version<\/b><b> <\/b><b>11<\/b><\/p><\/td><td class=\"td16\" colspan=\"2\" valign=\"top\"><p class=\"p24\"><span class=\"s6\">https:\/\/support.microsoft.com\/es-es\/help\/2<\/span> <span class=\"s6\">35\/how-to-delete-cookie-files-in-internet-explorer<\/span><\/p><\/td><\/tr><tr><td class=\"td15\" valign=\"top\"><p class=\"p23\"><b>Firefox.<\/b><b> <\/b><b>Version<\/b><b> <\/b><b>65.0.1<\/b><\/p><\/td><td class=\"td16\" colspan=\"2\" valign=\"top\"><p class=\"p24\"><span class=\"s6\"><a href=\"http:\/\/www.mozilla.org\/es-ES\/privacy\/websites\/%23cookies\" target=\"_blank\" rel=\"noopener\">https:\/\/www.mozilla.org\/es-ES\/privacy\/websites\/#cookies<\/a><\/span><\/p><\/td><\/tr><tr><td class=\"td15\" valign=\"top\"><p class=\"p23\"><b>Safari<\/b><b> <\/b><b>Version<\/b><b> <\/b><b>5.1<\/b><\/p><\/td><td class=\"td16\" colspan=\"2\" valign=\"top\"><p class=\"p24\"><span class=\"s11\">https:\/\/support.apple.com\/es-es\/guide\/safari\/sfri114 <\/span><span class=\"s6\">1\/mac<\/span><\/p><\/td><\/tr><tr><td class=\"td17\" valign=\"top\"><p class=\"p23\"><b>Opera<\/b><\/p><\/td><td class=\"td18\" colspan=\"2\" valign=\"top\"><p class=\"p24\"><span class=\"s6\">https:\/\/help.opera.com\/en\/latest\/security-and-privacy\/#clearBrowsingData<\/span><\/p><\/td><\/tr><\/tbody><\/table>\t\t\t\t\t\t\t\t<\/div>\n\t\t\t\t<\/div>\n\t\t\t\t<\/div>\n\t\t\t\t\t<\/div>\n\t\t\t\t<\/div>\n\t\t\t\t<\/div>\n\t\t","protected":false},"excerpt":{"rendered":"<p>Pol\u00edtica de cookies VRH INFORMACI\u00d3N SOBRE COOKIES Debido a la entrada en vigor de la referente modificaci6n de la \u00abLey de Servicios de la Sociedad de la lnformaci6n\u00bb (LSSlCE) establecida por el Real Decreto 13\/2 12, es de obligaci\u00f3n obtener el consentimiento expreso del usuario de todas las p\u00e1ginas web que usan cookies prescindibles, antes [&hellip;]<\/p>\n","protected":false},"author":1,"featured_media":0,"parent":0,"menu_order":0,"comment_status":"closed","ping_status":"closed","template":"","meta":{"_acf_changed":false,"footnotes":""},"class_list":["post-677","page","type-page","status-publish","hentry"],"acf":[],"_links":{"self":[{"href":"https:\/\/hibiza.com\/es\/wp-json\/wp\/v2\/pages\/677","targetHints":{"allow":["GET"]}}],"collection":[{"href":"https:\/\/hibiza.com\/es\/wp-json\/wp\/v2\/pages"}],"about":[{"href":"https:\/\/hibiza.com\/es\/wp-json\/wp\/v2\/types\/page"}],"author":[{"embeddable":true,"href":"https:\/\/hibiza.com\/es\/wp-json\/wp\/v2\/users\/1"}],"replies":[{"embeddable":true,"href":"https:\/\/hibiza.com\/es\/wp-json\/wp\/v2\/comments?post=677"}],"version-history":[{"count":0,"href":"https:\/\/hibiza.com\/es\/wp-json\/wp\/v2\/pages\/677\/revisions"}],"wp:attachment":[{"href":"https:\/\/hibiza.com\/es\/wp-json\/wp\/v2\/media?parent=677"}],"curies":[{"name":"wp","href":"https:\/\/api.w.org\/{rel}","templated":true}]}}