{"id":1616,"date":"2024-08-21T08:31:00","date_gmt":"2024-08-21T06:31:00","guid":{"rendered":"https:\/\/hibiza.com\/?page_id=1616"},"modified":"2025-02-20T13:41:50","modified_gmt":"2025-02-20T12:41:50","slug":"playas-cerca-de-la-ciudad","status":"publish","type":"page","link":"https:\/\/hibiza.com\/es\/playas-cerca-de-la-ciudad\/","title":{"rendered":"Playas Cerca de la Ciudad"},"content":{"rendered":"\t\t<div data-elementor-type=\"wp-page\" data-elementor-id=\"1616\" class=\"elementor elementor-1616\" data-elementor-settings=\"{&quot;ha_cmc_init_switcher&quot;:&quot;no&quot;}\" data-elementor-post-type=\"page\">\n\t\t\t\t\t\t<section class=\"elementor-section elementor-top-section elementor-element elementor-element-39df3b9 elementor-section-full_width elementor-section-height-min-height elementor-section-height-default elementor-section-items-middle\" data-id=\"39df3b9\" data-element_type=\"section\" data-e-type=\"section\" data-settings=\"{&quot;background_background&quot;:&quot;classic&quot;,&quot;_ha_eqh_enable&quot;:false}\">\n\t\t\t\t\t\t\t<div class=\"elementor-background-overlay\"><\/div>\n\t\t\t\t\t\t\t<div class=\"elementor-container elementor-column-gap-default\">\n\t\t\t\t\t<div class=\"elementor-column elementor-col-100 elementor-top-column elementor-element elementor-element-91248f9\" data-id=\"91248f9\" data-element_type=\"column\" data-e-type=\"column\">\n\t\t\t<div class=\"elementor-widget-wrap elementor-element-populated\">\n\t\t\t\t\t\t<div class=\"elementor-element elementor-element-00ec3d5 premium-header-block premium-lq__none premium-box-lq__none elementor-widget elementor-widget-premium-addon-dual-header\" data-id=\"00ec3d5\" data-element_type=\"widget\" data-e-type=\"widget\" data-widget_type=\"premium-addon-dual-header.default\">\n\t\t\t\t\t\n\t\t<div class=\"elementor-widget-container\">\n\t\t<div class=\"premium-dual-header-wrapper\">\n\t\t\t\t\t<h1 class=\"premium-dual-header-first-header \"><span class=\"premium-dual-header-first-span\">Playas Cerca de la Ciudad <\/span><\/h1> \t\t\t\t\t\t<\/div>\n\t\t<\/div>\n\n\t\t\t\t\t\t<\/div>\n\t\t\t\t<div class=\"elementor-element elementor-element-8d4f963 elementor-widget elementor-widget-heading\" data-id=\"8d4f963\" data-element_type=\"widget\" data-e-type=\"widget\" data-widget_type=\"heading.default\">\n\t\t\t\t<div class=\"elementor-widget-container\">\n\t\t\t\t\t<p class=\"elementor-heading-title elementor-size-default\">itinerarios que no te puedes perder en Ibiza<\/p>\t\t\t\t<\/div>\n\t\t\t\t<\/div>\n\t\t\t\t\t<\/div>\n\t\t<\/div>\n\t\t\t\t\t<\/div>\n\t\t<\/section>\n\t\t\t\t<section class=\"elementor-section elementor-top-section elementor-element elementor-element-861a316 elementor-section-boxed elementor-section-height-default elementor-section-height-default\" data-id=\"861a316\" data-element_type=\"section\" data-e-type=\"section\" data-settings=\"{&quot;_ha_eqh_enable&quot;:false}\">\n\t\t\t\t\t\t<div class=\"elementor-container elementor-column-gap-default\">\n\t\t\t\t\t<div class=\"elementor-column elementor-col-100 elementor-top-column elementor-element elementor-element-3fd259e\" data-id=\"3fd259e\" data-element_type=\"column\" data-e-type=\"column\">\n\t\t\t<div class=\"elementor-widget-wrap elementor-element-populated\">\n\t\t\t\t\t\t<div class=\"elementor-element elementor-element-6dabb5e elementor-widget elementor-widget-text-editor\" data-id=\"6dabb5e\" data-element_type=\"widget\" data-e-type=\"widget\" data-widget_type=\"text-editor.default\">\n\t\t\t\t<div class=\"elementor-widget-container\">\n\t\t\t\t\t\t\t\t\t<p>Si est\u00e1s planeando una escapada a Ibiza y deseas disfrutar del sol, la arena y el mar sin alejarte demasiado del vibrante centro de la ciudad, te presentamos tres playas imperdibles. Cada una de ellas ofrece una experiencia \u00fanica, desde un ambiente familiar y tranquilo hasta una vibrante vida nocturna. \u00a1Descubre la playa que mejor se adapte a tus planes de viaje!<\/p>\t\t\t\t\t\t\t\t<\/div>\n\t\t\t\t<\/div>\n\t\t\t\t<div class=\"elementor-element elementor-element-e2d3560 elementor-widget elementor-widget-image\" data-id=\"e2d3560\" data-element_type=\"widget\" data-e-type=\"widget\" data-widget_type=\"image.default\">\n\t\t\t\t<div class=\"elementor-widget-container\">\n\t\t\t\t\t\t\t\t\t\t\t\t\t\t\t<img fetchpriority=\"high\" decoding=\"async\" width=\"800\" height=\"291\" src=\"https:\/\/hibiza.com\/wp-content\/uploads\/2024\/04\/playas-cerca-ibiza-ciudad-1024x372.jpg\" class=\"attachment-large size-large wp-image-1629\" alt=\"playas-cerca-ibiza-ciudad\" srcset=\"https:\/\/hibiza.com\/wp-content\/uploads\/2024\/04\/playas-cerca-ibiza-ciudad-1024x372.jpg 1024w, https:\/\/hibiza.com\/wp-content\/uploads\/2024\/04\/playas-cerca-ibiza-ciudad-300x109.jpg 300w, https:\/\/hibiza.com\/wp-content\/uploads\/2024\/04\/playas-cerca-ibiza-ciudad-768x279.jpg 768w, https:\/\/hibiza.com\/wp-content\/uploads\/2024\/04\/playas-cerca-ibiza-ciudad-1536x558.jpg 1536w, https:\/\/hibiza.com\/wp-content\/uploads\/2024\/04\/playas-cerca-ibiza-ciudad-2048x744.jpg 2048w\" sizes=\"(max-width: 800px) 100vw, 800px\" title=\"\">\t\t\t\t\t\t\t\t\t\t\t\t\t\t\t<\/div>\n\t\t\t\t<\/div>\n\t\t\t\t<div class=\"elementor-element elementor-element-c90fe0c elementor-widget elementor-widget-heading\" data-id=\"c90fe0c\" data-element_type=\"widget\" data-e-type=\"widget\" data-widget_type=\"heading.default\">\n\t\t\t\t<div class=\"elementor-widget-container\">\n\t\t\t\t\t<h2 class=\"elementor-heading-title elementor-size-default\">Playa de Talamanca\n<\/h2>\t\t\t\t<\/div>\n\t\t\t\t<\/div>\n\t\t\t\t<div class=\"elementor-element elementor-element-32f72ab elementor-widget elementor-widget-text-editor\" data-id=\"32f72ab\" data-element_type=\"widget\" data-e-type=\"widget\" data-widget_type=\"text-editor.default\">\n\t\t\t\t<div class=\"elementor-widget-container\">\n\t\t\t\t\t\t\t\t\t<p data-start=\"463\" data-end=\"880\">Esta hermosa playa se caracteriza por su amplia curva de arena fina y su ambiente sereno, lo que la convierte en un lugar seguro para los ni\u00f1os y un espacio ideal para nadadores de todos los niveles. Adem\u00e1s de las aguas tranquilas, Playa de Talamanca ofrece comodidades como alquiler de hamacas y sombrillas, duchas y acceso para personas con movilidad reducida, asegurando una visita c\u00f3moda y relajante para todos.<\/p><p data-start=\"882\" data-end=\"1192\">Los restaurantes cercanos ofrecen una variada oferta gastron\u00f3mica que va desde la cocina local hasta platos internacionales, adapt\u00e1ndose a todos los gustos y presupuestos. Durante el verano, no te pierdas las sesiones de yoga al amanecer, una excelente manera de comenzar el d\u00eda en armon\u00eda con la naturaleza.<\/p><p data-start=\"1194\" data-end=\"1550\">Para quienes desean complementar su visita con un poco de historia, muy cerca de aqu\u00ed se pueden encontrar algunas de las <a href=\"https:\/\/hibiza.com\/es\/rutas-historicas\/\" target=\"_new\" rel=\"noopener\" data-start=\"1315\" data-end=\"1383\">rutas hist\u00f3ricas en Ibiza<\/a>, donde es posible descubrir antiguas fortificaciones, yacimientos arqueol\u00f3gicos y vestigios de las civilizaciones que han habitado la isla a lo largo de los siglos.<\/p>\t\t\t\t\t\t\t\t<\/div>\n\t\t\t\t<\/div>\n\t\t\t\t<div class=\"elementor-element elementor-element-d94effa elementor-widget elementor-widget-heading\" data-id=\"d94effa\" data-element_type=\"widget\" data-e-type=\"widget\" data-widget_type=\"heading.default\">\n\t\t\t\t<div class=\"elementor-widget-container\">\n\t\t\t\t\t<h2 class=\"elementor-heading-title elementor-size-default\">Playa de Figueretas<\/h2>\t\t\t\t<\/div>\n\t\t\t\t<\/div>\n\t\t\t\t<div class=\"elementor-element elementor-element-1c6fc17 elementor-widget elementor-widget-text-editor\" data-id=\"1c6fc17\" data-element_type=\"widget\" data-e-type=\"widget\" data-widget_type=\"text-editor.default\">\n\t\t\t\t<div class=\"elementor-widget-container\">\n\t\t\t\t\t\t\t\t\t<p>Situada justo al sur de la ciudad de Ibiza, esta playa vibrante es el destino perfecto para quienes buscan una mezcla de diversi\u00f3n y cultura. Con un paseo mar\u00edtimo repleto de arte y m\u00fasica en vivo, Playa de Figueretas es un reflejo del esp\u00edritu din\u00e1mico de la isla.<\/p><p>Aqu\u00ed, los visitantes pueden disfrutar de deportes acu\u00e1ticos como paddle surf y kayak, o simplemente relajarse en alguno de los muchos lounges de playa. Adem\u00e1s, la zona es famosa por sus mercados locales, donde los artesanos venden joyas hechas a mano, ropa y otros recuerdos \u00fanicos.<\/p><p>Se recomienda visitarla por la tarde para contemplar un atardecer impresionante, con el horizonte te\u00f1ido de tonos c\u00e1lidos y el sonido de las olas como banda sonora de una experiencia inolvidable.<\/p>\t\t\t\t\t\t\t\t<\/div>\n\t\t\t\t<\/div>\n\t\t\t\t<div class=\"elementor-element elementor-element-fb4f0f7 elementor-widget elementor-widget-image\" data-id=\"fb4f0f7\" data-element_type=\"widget\" data-e-type=\"widget\" data-widget_type=\"image.default\">\n\t\t\t\t<div class=\"elementor-widget-container\">\n\t\t\t\t\t\t\t\t\t\t\t\t\t\t\t<img decoding=\"async\" width=\"800\" height=\"236\" src=\"https:\/\/hibiza.com\/wp-content\/uploads\/2024\/04\/playas-ciudad-cerca-1024x302.jpg\" class=\"attachment-large size-large wp-image-1633\" alt=\"playas-ciudad-cerca\" srcset=\"https:\/\/hibiza.com\/wp-content\/uploads\/2024\/04\/playas-ciudad-cerca-1024x302.jpg 1024w, https:\/\/hibiza.com\/wp-content\/uploads\/2024\/04\/playas-ciudad-cerca-300x88.jpg 300w, https:\/\/hibiza.com\/wp-content\/uploads\/2024\/04\/playas-ciudad-cerca-768x226.jpg 768w, https:\/\/hibiza.com\/wp-content\/uploads\/2024\/04\/playas-ciudad-cerca-1536x452.jpg 1536w, https:\/\/hibiza.com\/wp-content\/uploads\/2024\/04\/playas-ciudad-cerca-2048x603.jpg 2048w\" sizes=\"(max-width: 800px) 100vw, 800px\" title=\"\">\t\t\t\t\t\t\t\t\t\t\t\t\t\t\t<\/div>\n\t\t\t\t<\/div>\n\t\t\t\t<div class=\"elementor-element elementor-element-8fba9b7 elementor-widget elementor-widget-heading\" data-id=\"8fba9b7\" data-element_type=\"widget\" data-e-type=\"widget\" data-widget_type=\"heading.default\">\n\t\t\t\t<div class=\"elementor-widget-container\">\n\t\t\t\t\t<h2 class=\"elementor-heading-title elementor-size-default\">Playa d'en Bossa<\/h2>\t\t\t\t<\/div>\n\t\t\t\t<\/div>\n\t\t\t\t<div class=\"elementor-element elementor-element-98775c1 elementor-widget-laptop__width-initial elementor-widget elementor-widget-text-editor\" data-id=\"98775c1\" data-element_type=\"widget\" data-e-type=\"widget\" data-widget_type=\"text-editor.default\">\n\t\t\t\t<div class=\"elementor-widget-container\">\n\t\t\t\t\t\t\t\t\t<p data-start=\"2373\" data-end=\"2616\">Si lo que buscas es un ambiente animado y lleno de energ\u00eda, Playa d\u2019en Bossa es tu lugar ideal. Con clubes ic\u00f3nicos como Ushua\u00efa y H\u00ef, que albergan fiestas con DJs de renombre mundial, esta playa es el epicentro de la vida nocturna en Ibiza.<\/p><p data-start=\"2618\" data-end=\"2941\">Durante el d\u00eda, Playa d\u2019en Bossa se transforma en un espacio de relajaci\u00f3n con \u00e1reas para ni\u00f1os y deportes acu\u00e1ticos como jet ski y windsurf. Adem\u00e1s, muchas de sus instalaciones est\u00e1n comprometidas con la sostenibilidad, promoviendo pr\u00e1cticas ecol\u00f3gicas como el uso de materiales reciclables y sistemas de ahorro de agua.<\/p><p data-start=\"2943\" data-end=\"3322\">Para los viajeros que disfrutan mantenerse activos, Ibiza ofrece muchas opciones para combinar playa y aventura. Si buscas una experiencia m\u00e1s din\u00e1mica, puedes explorar algunas de las <a href=\"https:\/\/hibiza.com\/es\/actividades-deportivas\/\" target=\"_new\" rel=\"noopener\" data-start=\"3127\" data-end=\"3207\">actividades deportivas en Ibiza<\/a>, desde senderismo por la costa hasta sesiones de surf y paddle yoga, aprovechando la riqueza natural de la isla.<\/p>\t\t\t\t\t\t\t\t<\/div>\n\t\t\t\t<\/div>\n\t\t\t\t<div class=\"elementor-element elementor-element-08e4da2 elementor-widget elementor-widget-heading\" data-id=\"08e4da2\" data-element_type=\"widget\" data-e-type=\"widget\" data-widget_type=\"heading.default\">\n\t\t\t\t<div class=\"elementor-widget-container\">\n\t\t\t\t\t<h2 class=\"elementor-heading-title elementor-size-default\">Descubre Ibiza a Tu Ritmo\n<\/h2>\t\t\t\t<\/div>\n\t\t\t\t<\/div>\n\t\t\t\t<div class=\"elementor-element elementor-element-bf40b81 elementor-widget-laptop__width-initial elementor-widget elementor-widget-text-editor\" data-id=\"bf40b81\" data-element_type=\"widget\" data-e-type=\"widget\" data-widget_type=\"text-editor.default\">\n\t\t\t\t<div class=\"elementor-widget-container\">\n\t\t\t\t\t\t\t\t\t<p>Adem\u00e1s de sus paisajes espectaculares y la diversidad de actividades que ofrecen, estas playas son f\u00e1cilmente accesibles y est\u00e1n comprometidas con la preservaci\u00f3n del entorno natural. Desde servicios inclusivos hasta iniciativas de limpieza de playas, Ibiza no solo es un destino de entretenimiento, sino tambi\u00e9n un ejemplo de turismo responsable.<\/p><p>Despu\u00e9s de un d\u00eda explorando la isla, nada se siente mejor que volver a <a href=\"https:\/\/hibiza.com\/es\/\">un lugar acogedor<\/a>, donde cada detalle refleje la esencia de Ibiza. Un espacio donde puedas relajarte, planear tu siguiente aventura y sentirte realmente parte del entorno. Porque m\u00e1s all\u00e1 del mar y la arena, la experiencia de Ibiza tambi\u00e9n se vive en los momentos de descanso, en esos peque\u00f1os rincones que convierten tu estancia en algo \u00fanico y especial.<\/p>\t\t\t\t\t\t\t\t<\/div>\n\t\t\t\t<\/div>\n\t\t\t\t\t<\/div>\n\t\t<\/div>\n\t\t\t\t\t<\/div>\n\t\t<\/section>\n\t\t<div class=\"elementor-element elementor-element-370bf30 e-flex e-con-boxed e-con e-parent\" data-id=\"370bf30\" data-element_type=\"container\" data-e-type=\"container\" data-settings=\"{&quot;_ha_eqh_enable&quot;:false}\">\n\t\t\t\t\t<div class=\"e-con-inner\">\n\t\t<div class=\"elementor-element elementor-element-9c62be9 e-con-full e-flex e-con e-child\" data-id=\"9c62be9\" data-element_type=\"container\" data-e-type=\"container\" data-settings=\"{&quot;_ha_eqh_enable&quot;:false}\">\n\t\t<div class=\"elementor-element elementor-element-b2b7023 e-con-full e-flex e-con e-child\" data-id=\"b2b7023\" data-element_type=\"container\" data-e-type=\"container\" data-settings=\"{&quot;_ha_eqh_enable&quot;:false}\">\n\t\t\t\t<div class=\"elementor-element elementor-element-929fc97 elementor-widget elementor-widget-heading\" data-id=\"929fc97\" data-element_type=\"widget\" data-e-type=\"widget\" data-widget_type=\"heading.default\">\n\t\t\t\t<div class=\"elementor-widget-container\">\n\t\t\t\t\t<h2 class=\"elementor-heading-title elementor-size-default\">actividades<\/h2>\t\t\t\t<\/div>\n\t\t\t\t<\/div>\n\t\t\t\t<div class=\"elementor-element elementor-element-2349840 premium-header-block premium-lq__none premium-box-lq__none elementor-widget elementor-widget-premium-addon-dual-header\" data-id=\"2349840\" data-element_type=\"widget\" data-e-type=\"widget\" data-widget_type=\"premium-addon-dual-header.default\">\n\t\t\t\t\t\n\t\t<div class=\"elementor-widget-container\">\n\t\t<div class=\"premium-dual-header-wrapper\">\n\t\t\t\t\t<h3 class=\"premium-dual-header-first-header \"><span class=\"premium-dual-header-first-span\">Actividades y  <\/span><span class=\"premium-dual-header-second-header \">Servicios<\/span><\/h3> \t\t\t\t\t\t<\/div>\n\t\t<\/div>\n\n\t\t\t\t\t\t<\/div>\n\t\t\t\t<div class=\"elementor-element elementor-element-7bda7f9 elementor-button-info elementor-align-left elementor-widget elementor-widget-button\" data-id=\"7bda7f9\" data-element_type=\"widget\" data-e-type=\"widget\" data-widget_type=\"button.default\">\n\t\t\t\t<div class=\"elementor-widget-container\">\n\t\t\t\t\t\t\t\t\t<div class=\"elementor-button-wrapper\">\n\t\t\t\t\t<a class=\"elementor-button elementor-button-link elementor-size-sm elementor-animation-shrink\" href=\"https:\/\/hibiza.com\/es\/actividades-y-servicios\/\">\n\t\t\t\t\t\t<span class=\"elementor-button-content-wrapper\">\n\t\t\t\t\t\t\t\t\t<span class=\"elementor-button-text\">VER M\u00c1S <\/span>\n\t\t\t\t\t<\/span>\n\t\t\t\t\t<\/a>\n\t\t\t\t<\/div>\n\t\t\t\t\t\t\t\t<\/div>\n\t\t\t\t<\/div>\n\t\t\t\t<\/div>\n\t\t<div class=\"elementor-element elementor-element-41881c3 e-con-full e-flex e-con e-child\" data-id=\"41881c3\" data-element_type=\"container\" data-e-type=\"container\" data-settings=\"{&quot;_ha_eqh_enable&quot;:false}\">\n\t\t\t\t<div class=\"elementor-element elementor-element-ca17e6b elementor-view-default elementor-widget elementor-widget-icon\" data-id=\"ca17e6b\" data-element_type=\"widget\" data-e-type=\"widget\" data-widget_type=\"icon.default\">\n\t\t\t\t<div class=\"elementor-widget-container\">\n\t\t\t\t\t\t\t<div class=\"elementor-icon-wrapper\">\n\t\t\t<a class=\"elementor-icon\" href=\"https:\/\/hibiza.com\/es\/rutas-historicas\/\">\n\t\t\t<svg aria-hidden=\"true\" class=\"e-font-icon-svg e-fas-walking\" viewBox=\"0 0 320 512\" xmlns=\"http:\/\/www.w3.org\/2000\/svg\"><path d=\"M208 96c26.5 0 48-21.5 48-48S234.5 0 208 0s-48 21.5-48 48 21.5 48 48 48zm94.5 149.1l-23.3-11.8-9.7-29.4c-14.7-44.6-55.7-75.8-102.2-75.9-36-.1-55.9 10.1-93.3 25.2-21.6 8.7-39.3 25.2-49.7 46.2L17.6 213c-7.8 15.8-1.5 35 14.2 42.9 15.6 7.9 34.6 1.5 42.5-14.3L81 228c3.5-7 9.3-12.5 16.5-15.4l26.8-10.8-15.2 60.7c-5.2 20.8.4 42.9 14.9 58.8l59.9 65.4c7.2 7.9 12.3 17.4 14.9 27.7l18.3 73.3c4.3 17.1 21.7 27.6 38.8 23.3 17.1-4.3 27.6-21.7 23.3-38.8l-22.2-89c-2.6-10.3-7.7-19.9-14.9-27.7l-45.5-49.7 17.2-68.7 5.5 16.5c5.3 16.1 16.7 29.4 31.7 37l23.3 11.8c15.6 7.9 34.6 1.5 42.5-14.3 7.7-15.7 1.4-35.1-14.3-43zM73.6 385.8c-3.2 8.1-8 15.4-14.2 21.5l-50 50.1c-12.5 12.5-12.5 32.8 0 45.3s32.7 12.5 45.2 0l59.4-59.4c6.1-6.1 10.9-13.4 14.2-21.5l13.5-33.8c-55.3-60.3-38.7-41.8-47.4-53.7l-20.7 51.5z\"><\/path><\/svg>\t\t\t<\/a>\n\t\t<\/div>\n\t\t\t\t\t\t<\/div>\n\t\t\t\t<\/div>\n\t\t\t\t<div class=\"elementor-element elementor-element-99201d1 elementor-widget elementor-widget-heading\" data-id=\"99201d1\" data-element_type=\"widget\" data-e-type=\"widget\" data-widget_type=\"heading.default\">\n\t\t\t\t<div class=\"elementor-widget-container\">\n\t\t\t\t\t<h3 class=\"elementor-heading-title elementor-size-default\"><a href=\"https:\/\/hibiza.com\/es\/rutas-historicas\/\">RUTAS HIST\u00d3RICAS<\/a><\/h3>\t\t\t\t<\/div>\n\t\t\t\t<\/div>\n\t\t\t\t<div class=\"elementor-element elementor-element-23a99ce elementor-widget elementor-widget-text-editor\" data-id=\"23a99ce\" data-element_type=\"widget\" data-e-type=\"widget\" data-widget_type=\"text-editor.default\">\n\t\t\t\t<div class=\"elementor-widget-container\">\n\t\t\t\t\t\t\t\t\t<p>Descubre la esencia hist\u00f3rica de Ibiza en rutas que te conducen desde la fortificada Dalt Vila hasta tranquilas necr\u00f3polis antiguas.<\/p>\t\t\t\t\t\t\t\t<\/div>\n\t\t\t\t<\/div>\n\t\t\t\t<\/div>\n\t\t<div class=\"elementor-element elementor-element-80d0027 e-con-full e-flex e-con e-child\" data-id=\"80d0027\" data-element_type=\"container\" data-e-type=\"container\" data-settings=\"{&quot;_ha_eqh_enable&quot;:false}\">\n\t\t\t\t<div class=\"elementor-element elementor-element-367c1d2 elementor-view-default elementor-widget elementor-widget-icon\" data-id=\"367c1d2\" data-element_type=\"widget\" data-e-type=\"widget\" data-widget_type=\"icon.default\">\n\t\t\t\t<div class=\"elementor-widget-container\">\n\t\t\t\t\t\t\t<div class=\"elementor-icon-wrapper\">\n\t\t\t<a class=\"elementor-icon\" href=\"https:\/\/hibiza.com\/es\/actividades-deportivas\/\">\n\t\t\t<svg aria-hidden=\"true\" class=\"e-font-icon-svg e-fas-bicycle\" viewBox=\"0 0 640 512\" xmlns=\"http:\/\/www.w3.org\/2000\/svg\"><path d=\"M512.509 192.001c-16.373-.064-32.03 2.955-46.436 8.495l-77.68-125.153A24 24 0 0 0 368.001 64h-64c-8.837 0-16 7.163-16 16v16c0 8.837 7.163 16 16 16h50.649l14.896 24H256.002v-16c0-8.837-7.163-16-16-16h-87.459c-13.441 0-24.777 10.999-24.536 24.437.232 13.044 10.876 23.563 23.995 23.563h48.726l-29.417 47.52c-13.433-4.83-27.904-7.483-42.992-7.52C58.094 191.83.412 249.012.002 319.236-.413 390.279 57.055 448 128.002 448c59.642 0 109.758-40.793 123.967-96h52.033a24 24 0 0 0 20.406-11.367L410.37 201.77l14.938 24.067c-25.455 23.448-41.385 57.081-41.307 94.437.145 68.833 57.899 127.051 126.729 127.719 70.606.685 128.181-55.803 129.255-125.996 1.086-70.941-56.526-129.72-127.476-129.996zM186.75 265.772c9.727 10.529 16.673 23.661 19.642 38.228h-43.306l23.664-38.228zM128.002 400c-44.112 0-80-35.888-80-80s35.888-80 80-80c5.869 0 11.586.653 17.099 1.859l-45.505 73.509C89.715 331.327 101.213 352 120.002 352h81.3c-12.37 28.225-40.562 48-73.3 48zm162.63-96h-35.624c-3.96-31.756-19.556-59.894-42.383-80.026L237.371 184h127.547l-74.286 120zm217.057 95.886c-41.036-2.165-74.049-35.692-75.627-76.755-.812-21.121 6.633-40.518 19.335-55.263l44.433 71.586c4.66 7.508 14.524 9.816 22.032 5.156l13.594-8.437c7.508-4.66 9.817-14.524 5.156-22.032l-44.468-71.643a79.901 79.901 0 0 1 19.858-2.497c44.112 0 80 35.888 80 80-.001 45.54-38.252 82.316-84.313 79.885z\"><\/path><\/svg>\t\t\t<\/a>\n\t\t<\/div>\n\t\t\t\t\t\t<\/div>\n\t\t\t\t<\/div>\n\t\t\t\t<div class=\"elementor-element elementor-element-b3558a0 elementor-widget elementor-widget-heading\" data-id=\"b3558a0\" data-element_type=\"widget\" data-e-type=\"widget\" data-widget_type=\"heading.default\">\n\t\t\t\t<div class=\"elementor-widget-container\">\n\t\t\t\t\t<h3 class=\"elementor-heading-title elementor-size-default\"><a href=\"https:\/\/hibiza.com\/es\/actividades-deportivas\/\">ACTIVIDADES DEPORTIVAS<\/a><\/h3>\t\t\t\t<\/div>\n\t\t\t\t<\/div>\n\t\t\t\t<div class=\"elementor-element elementor-element-c7571e8 elementor-widget elementor-widget-text-editor\" data-id=\"c7571e8\" data-element_type=\"widget\" data-e-type=\"widget\" data-widget_type=\"text-editor.default\">\n\t\t\t\t<div class=\"elementor-widget-container\">\n\t\t\t\t\t\t\t\t\t<p>Sum\u00e9rgete en la acci\u00f3n con nuestra selecci\u00f3n de actividades deportivas. Desde ciclismo hasta senderismo, vive Ibiza con energ\u00eda y aventura.<\/p>\t\t\t\t\t\t\t\t<\/div>\n\t\t\t\t<\/div>\n\t\t\t\t<\/div>\n\t\t<div class=\"elementor-element elementor-element-bbff279 e-con-full e-flex e-con e-child\" data-id=\"bbff279\" data-element_type=\"container\" data-e-type=\"container\" data-settings=\"{&quot;_ha_eqh_enable&quot;:false}\">\n\t\t\t\t<div data-ha-element-link=\"{&quot;url&quot;:&quot;https:\\\/\\\/hibiza.com\\\/es\\\/playas-cerca-de-la-ciudad\\\/&quot;,&quot;is_external&quot;:&quot;&quot;,&quot;nofollow&quot;:&quot;&quot;}\" style=\"cursor: pointer\" class=\"elementor-element elementor-element-9453b9d elementor-view-default elementor-widget elementor-widget-icon\" data-id=\"9453b9d\" data-element_type=\"widget\" data-e-type=\"widget\" data-widget_type=\"icon.default\">\n\t\t\t\t<div class=\"elementor-widget-container\">\n\t\t\t\t\t\t\t<div class=\"elementor-icon-wrapper\">\n\t\t\t<div class=\"elementor-icon\">\n\t\t\t<svg aria-hidden=\"true\" class=\"e-font-icon-svg e-fas-umbrella-beach\" viewBox=\"0 0 640 512\" xmlns=\"http:\/\/www.w3.org\/2000\/svg\"><path d=\"M115.38 136.9l102.11 37.18c35.19-81.54 86.21-144.29 139-173.7-95.88-4.89-188.78 36.96-248.53 111.8-6.69 8.4-2.66 21.05 7.42 24.72zm132.25 48.16l238.48 86.83c35.76-121.38 18.7-231.66-42.63-253.98-7.4-2.7-15.13-4-23.09-4-58.02.01-128.27 69.17-172.76 171.15zM521.48 60.5c6.22 16.3 10.83 34.6 13.2 55.19 5.74 49.89-1.42 108.23-18.95 166.98l102.62 37.36c10.09 3.67 21.31-3.43 21.57-14.17 2.32-95.69-41.91-187.44-118.44-245.36zM560 447.98H321.06L386 269.5l-60.14-21.9-72.9 200.37H16c-8.84 0-16 7.16-16 16.01v32.01C0 504.83 7.16 512 16 512h544c8.84 0 16-7.17 16-16.01v-32.01c0-8.84-7.16-16-16-16z\"><\/path><\/svg>\t\t\t<\/div>\n\t\t<\/div>\n\t\t\t\t\t\t<\/div>\n\t\t\t\t<\/div>\n\t\t\t\t<div class=\"elementor-element elementor-element-0fab264 elementor-widget elementor-widget-heading\" data-id=\"0fab264\" data-element_type=\"widget\" data-e-type=\"widget\" data-widget_type=\"heading.default\">\n\t\t\t\t<div class=\"elementor-widget-container\">\n\t\t\t\t\t<h3 class=\"elementor-heading-title elementor-size-default\">PLAYAS CERCA DE LA CIUDAD<\/h3>\t\t\t\t<\/div>\n\t\t\t\t<\/div>\n\t\t\t\t<div class=\"elementor-element elementor-element-a1113c7 elementor-widget elementor-widget-text-editor\" data-id=\"a1113c7\" data-element_type=\"widget\" data-e-type=\"widget\" data-widget_type=\"text-editor.default\">\n\t\t\t\t<div class=\"elementor-widget-container\">\n\t\t\t\t\t\t\t\t\t<p>Sol, mar y arena a un paso. Disfruta de las id\u00edlicas playas urbanas de Ibiza, donde la relajaci\u00f3n y la diversi\u00f3n est\u00e1n siempre al alcance de la mano.<\/p>\t\t\t\t\t\t\t\t<\/div>\n\t\t\t\t<\/div>\n\t\t\t\t<\/div>\n\t\t\t\t<\/div>\n\t\t\t\t\t<\/div>\n\t\t\t\t<\/div>\n\t\t\t\t<\/div>\n\t\t","protected":false},"excerpt":{"rendered":"<p>Playas Cerca de la Ciudad itinerarios que no te puedes perder en Ibiza Si est\u00e1s planeando una escapada a Ibiza y deseas disfrutar del sol, la arena y el mar sin alejarte demasiado del vibrante centro de la ciudad, te presentamos tres playas imperdibles. Cada una de ellas ofrece una experiencia \u00fanica, desde un ambiente [&hellip;]<\/p>\n","protected":false},"author":1,"featured_media":0,"parent":0,"menu_order":0,"comment_status":"closed","ping_status":"closed","template":"","meta":{"_acf_changed":false,"footnotes":""},"class_list":["post-1616","page","type-page","status-publish","hentry"],"acf":[],"_links":{"self":[{"href":"https:\/\/hibiza.com\/es\/wp-json\/wp\/v2\/pages\/1616","targetHints":{"allow":["GET"]}}],"collection":[{"href":"https:\/\/hibiza.com\/es\/wp-json\/wp\/v2\/pages"}],"about":[{"href":"https:\/\/hibiza.com\/es\/wp-json\/wp\/v2\/types\/page"}],"author":[{"embeddable":true,"href":"https:\/\/hibiza.com\/es\/wp-json\/wp\/v2\/users\/1"}],"replies":[{"embeddable":true,"href":"https:\/\/hibiza.com\/es\/wp-json\/wp\/v2\/comments?post=1616"}],"version-history":[{"count":0,"href":"https:\/\/hibiza.com\/es\/wp-json\/wp\/v2\/pages\/1616\/revisions"}],"wp:attachment":[{"href":"https:\/\/hibiza.com\/es\/wp-json\/wp\/v2\/media?parent=1616"}],"curies":[{"name":"wp","href":"https:\/\/api.w.org\/{rel}","templated":true}]}}